{"id":391,"date":"2019-02-01T08:22:47","date_gmt":"2019-02-01T08:22:47","guid":{"rendered":"http:\/\/ng-fechos.pt\/?page_id=391"},"modified":"2019-02-06T09:48:29","modified_gmt":"2019-02-06T09:48:29","slug":"sobre-nos","status":"publish","type":"page","link":"https:\/\/ng-fechos.pt\/fr\/sobre-nos\/","title":{"rendered":"\u00c0 propos de nous"},"content":{"rendered":"\n<p class=\"has-medium-font-size\">NG-Fechos F\u00e1brica Fechos de Correr, Lda sur le march\u00e9 nationale et internationale, depuis 1997, une soci\u00e9t\u00e9 dynamique toujours poss\u00e9dant des crit\u00e9res stricts de qualit\u00e9 et d&#8217;ethique.<\/p>\n\n\n\n<p class=\"has-medium-font-size\">Nous fabriquons des fermetures eclair en polyester, m\u00e9tal, inject\u00e9es et invisibles.<br><\/p>\n\n\n\n<p class=\"has-medium-font-size\">Gardant \u00e0 l&#8217;esprit la pleine satisfaction de nos clients, nous sommes toujours engag\u00e9s \u00e0 d\u00e9velopper nouveaux  <br>produits et processus de production.<\/p>\n","protected":false},"excerpt":{"rendered":"<p>NG-Fechos F\u00e1brica Fechos de Correr, Lda sur le march\u00e9 nationale et internationale, depuis 1997, une soci\u00e9t\u00e9 dynamique toujours poss\u00e9dant des crit\u00e9res stricts de qualit\u00e9 et d&#8217;ethique. Nous fabriquons des fermetures&hellip;<\/p>\n<div class=\"read-more-wrap\"><a class=\"read-more\" href=\"https:\/\/ng-fechos.pt\/fr\/sobre-nos\/\">Read More<\/a><\/div>\n","protected":false},"author":1,"featured_media":0,"parent":0,"menu_order":0,"comment_status":"closed","ping_status":"closed","template":"","meta":[],"translation":{"provider":"WPGlobus","version":"2.8.11","language":"fr","enabled_languages":["pt","en","es","fr"],"languages":{"pt":{"title":true,"content":true,"excerpt":false},"en":{"title":true,"content":true,"excerpt":false},"es":{"title":true,"content":true,"excerpt":false},"fr":{"title":true,"content":true,"excerpt":false}}},"_links":{"self":[{"href":"https:\/\/ng-fechos.pt\/fr\/wp-json\/wp\/v2\/pages\/391"}],"collection":[{"href":"https:\/\/ng-fechos.pt\/fr\/wp-json\/wp\/v2\/pages"}],"about":[{"href":"https:\/\/ng-fechos.pt\/fr\/wp-json\/wp\/v2\/types\/page"}],"author":[{"embeddable":true,"href":"https:\/\/ng-fechos.pt\/fr\/wp-json\/wp\/v2\/users\/1"}],"replies":[{"embeddable":true,"href":"https:\/\/ng-fechos.pt\/fr\/wp-json\/wp\/v2\/comments?post=391"}],"version-history":[{"count":28,"href":"https:\/\/ng-fechos.pt\/fr\/wp-json\/wp\/v2\/pages\/391\/revisions"}],"predecessor-version":[{"id":1319,"href":"https:\/\/ng-fechos.pt\/fr\/wp-json\/wp\/v2\/pages\/391\/revisions\/1319"}],"wp:attachment":[{"href":"https:\/\/ng-fechos.pt\/fr\/wp-json\/wp\/v2\/media?parent=391"}],"curies":[{"name":"wp","href":"https:\/\/api.w.org\/{rel}","templated":true}]}}